{"id":607,"date":"2019-04-29T09:59:22","date_gmt":"2019-04-29T09:59:22","guid":{"rendered":"http:\/\/192.168.0.110\/sports\/?page_id=607"},"modified":"2026-01-26T23:00:54","modified_gmt":"2026-01-26T20:00:54","slug":"results","status":"publish","type":"page","link":"https:\/\/www.intergalaxy.ro\/index.php\/results\/","title":{"rendered":"Dona\u021bii"},"content":{"rendered":"<p>[vc_row][vc_column][vc_column_text]V\u0103 rug\u0103m s\u0103 redirec\u021biona\u021bi o parte din impozitul pe profit pentru a ne ajuta s\u0103 le oferim copiilor \u0219ansa de a-\u0219i \u00eendeplini visurile.<\/p>\n<p>Cum altfel s\u0103 ne petrecem timpul dac\u0103 nu \u00eempreun\u0103, practic\u00e2nd sportul nostru preferat: fotbalul?<br \/>\nSportul de echip\u0103 \u00eel ajut\u0103 pe copil s\u0103 \u00een\u021beleag\u0103 principii esen\u021biale precum spiritul de echip\u0103, competitivitatea \u0219i fair-play-ul.<br \/>\nPracticarea unui sport este un pas important \u00een dezvoltarea fizic\u0103, mental\u0103 \u0219i social\u0103 a copilului.<\/p>\n<p>V\u0103 a\u0219tept\u0103m cu mic, cu mare, \u00een familia <strong>INTER GALAXY<\/strong>, pentru a descoperi drumul spre victorie \u0219i fotbalul de performan\u021b\u0103!<\/p>\n<p>Pentru c\u0103 <strong>\u201epasiunea\u201d<\/strong> este cuv\u00e2ntul care ne define\u0219te!<\/p>\n<p>\u26bd\ufe0f <strong>Antrenamentele se desf\u0103\u0219oar\u0103 de luni p\u00e2n\u0103 vineri la bazele noastre sportive:<\/strong><\/p>\n<p>\ud83c\udfdf <strong>Sud Arena<\/strong> \u2013 \u0218os. Vitan-B\u00e2rze\u0219ti 5-7 (l\u00e2ng\u0103 RIN Grand Hotel)<br \/>\n\ud83c\udfdf <strong>Baza D\u2019Angelo<\/strong> \u2013 \u0218oseaua Olteni\u021bei 11<br \/>\n\ud83c\udfdf <strong>Baza Inter Gaz Pope\u0219ti<\/strong><br \/>\n\ud83c\udfdf <strong>Baza Vi\u0219agului<\/strong><\/p>\n<p>\u260e\ufe0f Pentru mai multe detalii: <strong>0720 363 361<\/strong><\/p>\n<p>\ud83d\udc9b\ud83d\udc99 <strong>Fii cel mai bun al\u0103turi de noi!<\/strong> \ud83d\udc9b\ud83d\udc99[\/vc_column_text][vc_gallery interval=&#8221;3&#8243; images=&#8221;2080,2079&#8243; img_size=&#8221;full&#8221;][\/vc_column][\/vc_row]<\/p>\n","protected":false},"excerpt":{"rendered":"<p>[vc_row][vc_column][vc_column_text]V\u0103 rug\u0103m s\u0103 redirec\u021biona\u021bi o parte din impozitul pe profit pentru a ne ajuta s\u0103 le oferim copiilor \u0219ansa de a-\u0219i \u00eendeplini visurile. Cum altfel s\u0103 ne petrecem timpul dac\u0103 nu \u00eempreun\u0103, practic\u00e2nd sportul nostru preferat: fotbalul? Sportul de echip\u0103 \u00eel ajut\u0103 pe copil s\u0103 \u00een\u021beleag\u0103 principii esen\u021biale precum spiritul de echip\u0103, competitivitatea \u0219i fair-play-ul&#8230;.<\/p>\n","protected":false},"author":1,"featured_media":0,"parent":0,"menu_order":0,"comment_status":"closed","ping_status":"closed","template":"","meta":{"editor_plus_copied_stylings":"{}","kk_blocks_editor_width":"","_kiokenblocks_attr":"","_kiokenblocks_dimensions":"","footnotes":""},"class_list":["post-607","page","type-page","status-publish","hentry"],"_links":{"self":[{"href":"https:\/\/www.intergalaxy.ro\/index.php\/wp-json\/wp\/v2\/pages\/607","targetHints":{"allow":["GET"]}}],"collection":[{"href":"https:\/\/www.intergalaxy.ro\/index.php\/wp-json\/wp\/v2\/pages"}],"about":[{"href":"https:\/\/www.intergalaxy.ro\/index.php\/wp-json\/wp\/v2\/types\/page"}],"author":[{"embeddable":true,"href":"https:\/\/www.intergalaxy.ro\/index.php\/wp-json\/wp\/v2\/users\/1"}],"replies":[{"embeddable":true,"href":"https:\/\/www.intergalaxy.ro\/index.php\/wp-json\/wp\/v2\/comments?post=607"}],"version-history":[{"count":8,"href":"https:\/\/www.intergalaxy.ro\/index.php\/wp-json\/wp\/v2\/pages\/607\/revisions"}],"predecessor-version":[{"id":2691,"href":"https:\/\/www.intergalaxy.ro\/index.php\/wp-json\/wp\/v2\/pages\/607\/revisions\/2691"}],"wp:attachment":[{"href":"https:\/\/www.intergalaxy.ro\/index.php\/wp-json\/wp\/v2\/media?parent=607"}],"curies":[{"name":"wp","href":"https:\/\/api.w.org\/{rel}","templated":true}]}}