{"id":628,"date":"2019-05-06T10:49:57","date_gmt":"2019-05-06T10:49:57","guid":{"rendered":"http:\/\/192.168.0.110\/sports\/?page_id=628"},"modified":"2025-12-11T17:37:45","modified_gmt":"2025-12-11T14:37:45","slug":"home","status":"publish","type":"page","link":"https:\/\/www.intergalaxy.ro\/","title":{"rendered":"Home"},"content":{"rendered":"<p>[vc_row equal_height=&#8221;yes&#8221; css=&#8221;.vc_custom_1558938093672{margin-top: 100px !important;margin-bottom: 30px !important;padding-top: 0px !important;padding-right: 0px !important;padding-bottom: 0px !important;padding-left: 0px !important;}&#8221;][vc_column css_animation=&#8221;fadeIn&#8221; width=&#8221;1\/3&#8243; css=&#8221;.vc_custom_1763041496152{margin-left: 15px !important;padding-top: 30px !important;padding-bottom: 30px !important;background-color: rgba(0,0,0,0.01) !important;background-position: center !important;background-repeat: no-repeat !important;background-size: cover !important;*background-color: rgb(0,0,0) !important;border-radius: 3px !important;}&#8221; el_class=&#8221;main-countdown ipad-col-full&#8221;][vc_gallery interval=&#8221;3&#8243; images=&#8221;2520&#8243; img_size=&#8221;full&#8221; css_animation=&#8221;fadeInLeft&#8221; css=&#8221;.vc_custom_1763041518028{border-radius: 10px !important;}&#8221;][\/vc_column][vc_column width=&#8221;2\/3&#8243; css=&#8221;.vc_custom_1558943198560{margin-right: 15px !important;padding-top: 0px !important;padding-right: 0px !important;padding-left: 30px !important;border-radius: 4px !important;}&#8221; el_class=&#8221;home-video ipad-col-full&#8221;]<div class=\"rs-video-2 Style2 video-item-2  vc_custom_1763041394907\"><a style=\"background-color:#fbc02d!important\" class=\"popup-videos\" id=\"video-item-2\" data-bg=\"#fbc02d\" href=\"https:\/\/www.youtube.com\/watch?v=TZsTbtlCVcQ\" title=\"\">\r\n\t\t\t\t\t\t<i data-icolor=\"#101010\" class=\"fa fa-play\"><\/i>\r\n\t\t\t\t\t<\/a>\r\n\t\t\t\t\t<h3 class=\"video-title\"  style=\"color: #ffffff\">C.S. Inter Galaxy<\/h3>\r\n\t\t\t<\/div>[vc_row_inner][vc_column_inner][vc_column_text css_animation=&#8221;fadeInLeft&#8221;]<\/p>\n<h3 style=\"text-align: center;\"><em><strong>Ne g\u0103se\u0219ti \u0219i pe Social Media<\/strong><\/em><\/h3>\n<p>[\/vc_column_text][\/vc_column_inner][\/vc_row_inner][vc_row_inner][vc_column_inner width=&#8221;1\/6&#8243;][vc_icon icon_fontawesome=&#8221;fa fa-facebook-square&#8221; link=&#8221;url:https%3A%2F%2Fwww.facebook.com%2Fcsintergalaxy%2F||target:%20_blank|&#8221;][\/vc_column_inner][vc_column_inner width=&#8221;5\/6&#8243;][vc_column_text]<\/p>\n<h3><strong><em>Facebook CS Inter Galaxy<\/em><\/strong><\/h3>\n<p>[\/vc_column_text][\/vc_column_inner][\/vc_row_inner][vc_row_inner][vc_column_inner width=&#8221;1\/6&#8243;][vc_icon icon_fontawesome=&#8221;fa fa-instagram&#8221; link=&#8221;url:https%3A%2F%2Fwww.instagram.com%2Fcsintergalaxy%2F||target:%20_blank|&#8221;][\/vc_column_inner][vc_column_inner width=&#8221;5\/6&#8243;][vc_column_text]<\/p>\n<h3><strong><em>Instagram CS Inter Galaxy<\/em><\/strong><\/h3>\n<p>[\/vc_column_text][\/vc_column_inner][\/vc_row_inner][vc_row_inner][vc_column_inner width=&#8221;1\/6&#8243;][vc_icon icon_fontawesome=&#8221;fa fa-telegram&#8221; link=&#8221;url:https%3A%2F%2Fwww.tiktok.com%2F%40c.s.intergalaxy||target:%20_blank|&#8221;][\/vc_column_inner][vc_column_inner width=&#8221;5\/6&#8243;][vc_column_text]<\/p>\n<h3><strong><em>Tik Tok CS Inter Galaxy<\/em><\/strong><\/h3>\n<p>[\/vc_column_text][\/vc_column_inner][\/vc_row_inner][\/vc_column][\/vc_row][vc_row full_width=&#8221;stretch_row&#8221; css=&#8221;.vc_custom_1559191908940{padding-top: 60px !important;padding-bottom: 80px !important;background-color: #eff4fd !important;background-position: center !important;background-repeat: no-repeat !important;background-size: cover !important;}&#8221; el_class=&#8221;point-table-home2&#8243;][vc_column width=&#8221;2\/3&#8243; el_class=&#8221;ipad-col-full&#8221;]\r\n        <div class=\"rs-heading style2   \">\r\n        \t<div class=\"title-inner \">\r\n        \t\t       \t\t\r\n\t            \r\n\t            <h2 class=\"title title-upper\">nouta\u021bi<\/h2> <span class=\"lines-bg\"><\/span>\r\n\t            <div class=\"title-img bottom-img\"><\/div>\r\n\t        <\/div><\/div>[vc_row_inner][vc_column_inner]\n\t\t\t<div class=\"rs-latest-news style2\">\n\t\t\t\t<div class=\"row mb-30\">\n\t\t\t\t\t<div class=\"col-md-12\">\n\t\t\t\t    \t<div class=\"latest-news-grid\">\n\t\t\t\t    \t\t<div class=\"news-normal-block featured-news-grid\">\n\t\t    \t\t                    <div class=\"news-img\">\n\t\t    \t\t                    \t<a href=\"https:\/\/www.intergalaxy.ro\/?post_type=post&p=2500\">\n\t\t    \t\t                        \t\n\t\t    \t\t                    \t<\/a>\n\t\t    \t\t                    <\/div>\n\t\t    \t\t                    <div class=\"news-info\">\n\t\t\t    \t\t                \t<div class=\"news-date\">\n\t\t\t    \t\t                \t\t<i class=\"fa fa-calendar-check-o\"><\/i>\n\t\t\t    \t\t                \t\t<span>March 10, 2021<\/span>\n\t\t\t    \t\t                \t<\/div>\n\t\t\t    \t\t                \t<h3 class=\"news-title\"><a href=\"https:\/\/www.intergalaxy.ro\/?post_type=post&p=2500\">#FamiliaInterGalaxy<\/a><\/h3>\n\t\t\t    \t\t                \t<div class=\"news-desc\">\n\t\t\t    \t\t                \t\t<p>\n\t\t\t    \t\t                \t\t\t&#8220;Oricine a inventat fotbalul, ar trebui s\u0103 fie venerat ca un zeu&#8221; &#8211; Hugo...\n\t\t\t    \t\t                \t\t<\/p>\n\t\t\t    \t\t                \t<\/div>\n\t\t\t    \t\t                <\/div>\n\t\t    \t\t                <\/div>\n\t\t\t\t    \t<\/div>\t\t\t        \t\t\t\n\t\t\t\t\t<\/div>\n\t\t\t\t<\/div>\n\t\t\t\t<div class=\"row\"><div class=\"col-md-4 col-sm-4 mb-30\">\n\t        \t\t\t\t<div class=\"news-list-item\"><div class=\"news-img\">\n\t\t                        \t<a href=\"https:\/\/www.intergalaxy.ro\/?post_type=post&p=2455\"><img loading=\"lazy\" decoding=\"async\" width=\"600\" height=\"641\" src=\"https:\/\/www.intergalaxy.ro\/wp-content\/uploads\/2020\/01\/FB_IMG_1519290223187-600x641.jpg\" class=\"attachment-khelo_blog_sm_grid size-khelo_blog_sm_grid wp-post-image\" alt=\"\" \/><\/a>\n\t\t                    <\/div><div class=\"news-info-list\">\n\t\t\t\t\t\t\t<div class=\"news-date\">\n\t                    \t\t<i class=\"fa fa-calendar-check-o\"><\/i>\n\t                    \t\t<span>February 11, 2021<\/span>\n\t                    \t<\/div>\n\t                    \t<h4 class=\"news-title\"><a href=\"https:\/\/www.intergalaxy.ro\/?post_type=post&p=2455\">Drumul spre succes incepe cu noi !!!<\/a><\/h4>\n\t\t                <\/div>\n\t\t                <\/div>\t\t\t        \t\t\t\n\t        \t\t<\/div><div class=\"col-md-4 col-sm-4 mb-30\">\n\t        \t\t\t\t<div class=\"news-list-item\"><div class=\"news-img\">\n\t\t                        \t<a href=\"https:\/\/www.intergalaxy.ro\/?post_type=post&p=2247\"><img loading=\"lazy\" decoding=\"async\" width=\"600\" height=\"493\" src=\"https:\/\/www.intergalaxy.ro\/wp-content\/uploads\/2019\/12\/thumbnail-600x493.jpg\" class=\"attachment-khelo_blog_sm_grid size-khelo_blog_sm_grid wp-post-image\" alt=\"\" \/><\/a>\n\t\t                    <\/div><div class=\"news-info-list\">\n\t\t\t\t\t\t\t<div class=\"news-date\">\n\t                    \t\t<i class=\"fa fa-calendar-check-o\"><\/i>\n\t                    \t\t<span>October 26, 2020<\/span>\n\t                    \t<\/div>\n\t                    \t<h4 class=\"news-title\"><a href=\"https:\/\/www.intergalaxy.ro\/?post_type=post&p=2247\">Hai la fotbal !!!<\/a><\/h4>\n\t\t                <\/div>\n\t\t                <\/div>\t\t\t        \t\t\t\n\t        \t\t<\/div><div class=\"col-md-4 col-sm-4 mb-30\">\n\t        \t\t\t\t<div class=\"news-list-item\"><div class=\"news-img\">\n\t\t                        \t<a href=\"https:\/\/www.intergalaxy.ro\/?post_type=post&p=972\"><img loading=\"lazy\" decoding=\"async\" width=\"600\" height=\"775\" src=\"https:\/\/www.intergalaxy.ro\/wp-content\/uploads\/2020\/01\/81886771_3257977147552470_4165653548773670912_o-600x775.jpg\" class=\"attachment-khelo_blog_sm_grid size-khelo_blog_sm_grid wp-post-image\" alt=\"\" srcset=\"https:\/\/www.intergalaxy.ro\/wp-content\/uploads\/2020\/01\/81886771_3257977147552470_4165653548773670912_o-600x775.jpg 600w, https:\/\/www.intergalaxy.ro\/wp-content\/uploads\/2020\/01\/81886771_3257977147552470_4165653548773670912_o-350x452.jpg 350w\" sizes=\"auto, (max-width: 600px) 100vw, 600px\" \/><\/a>\n\t\t                    <\/div><div class=\"news-info-list\">\n\t\t\t\t\t\t\t<div class=\"news-date\">\n\t                    \t\t<i class=\"fa fa-calendar-check-o\"><\/i>\n\t                    \t\t<span>January 6, 2020<\/span>\n\t                    \t<\/div>\n\t                    \t<h4 class=\"news-title\"><a href=\"https:\/\/www.intergalaxy.ro\/?post_type=post&p=972\">GALAXY FRIENDSHIP CUP<\/a><\/h4>\n\t\t                <\/div>\n\t\t                <\/div>\t\t\t        \t\t\t\n\t        \t\t<\/div><\/div>\n\t\t\t<\/div>[\/vc_column_inner][\/vc_row_inner][\/vc_column][vc_column width=&#8221;1\/3&#8243; css=&#8221;.vc_custom_1559020567817{padding-left: 30px !important;}&#8221; el_class=&#8221;ipad-col-full&#8221;]\r\n        <div class=\"rs-heading style2   \">\r\n        \t<div class=\"title-inner \">\r\n        \t\t       \t\t\r\n\t            \r\n\t            <h2 class=\"title title-upper\">Sfaturi<\/h2> <span class=\"lines-bg\"><\/span>\r\n\t            <div class=\"title-img bottom-img\"><\/div>\r\n\t        <\/div><\/div>[vc_row_inner css=&#8221;.vc_custom_1559199887992{margin-right: 0px !important;padding-top: 0px !important;padding-bottom: 0px !important;background-image: url(https:\/\/rstheme.com\/products\/wordpress\/khelo\/wp-content\/uploads\/2019\/05\/point-_bg.jpg?id=1619) !important;background-position: center !important;background-repeat: no-repeat !important;background-size: cover !important;border-radius: 4px !important;}&#8221;][vc_column_inner css=&#8221;.vc_custom_1557291101805{padding-top: 26px !important;padding-bottom: 0px !important;}&#8221;][vc_single_image image=&#8221;2146&#8243; img_size=&#8221;full&#8221; alignment=&#8221;center&#8221;][\/vc_column_inner][\/vc_row_inner][\/vc_column][\/vc_row][vc_row full_width=&#8221;stretch_row&#8221; content_placement=&#8221;middle&#8221; css=&#8221;.vc_custom_1559203081392{padding-top: 55px !important;padding-bottom: 42px !important;background-image: url(https:\/\/rstheme.com\/products\/wordpress\/khelo\/wp-content\/uploads\/2019\/05\/about-khelo.jpg?id=1625) !important;background-position: center !important;background-repeat: no-repeat !important;background-size: cover !important;}&#8221; el_class=&#8221;fixture-views&#8221;][vc_column][vc_row_inner content_placement=&#8221;middle&#8221;][vc_column_inner width=&#8221;5\/12&#8243; css=&#8221;.vc_custom_1557821754974{background-position: center !important;background-repeat: no-repeat !important;background-size: cover !important;}&#8221;]\r\n        <div class=\"rs-heading style2 light   \">\r\n        \t<div class=\"title-inner \">\r\n        \t\t       \t\t\r\n\t            \r\n\t            <h2 class=\"title title-upper\" style=\"color: #ffffff\">Cine suntem<\/h2> <span class=\"lines-bg\"><\/span>\r\n\t            <div class=\"title-img bottom-img\"><\/div>\r\n\t        <\/div><div class=\"description\"  style=\"color: #dddddd\">C.S. Inter Galaxy este fondat \u00een anul 2009 ca organiza\u021bie nonprofit \u0219i func\u021bioneaz\u0103 \u00een baza Legii Educa\u021biei Fizice \u0219i Sportului nr. 69\/2000, fiind afiliat la federa\u021biile de specialitate din cadrul A.N.S.\n<p>C.S. Inter Galaxy \u00ee\u0219i desf\u0103\u0219oar\u0103 activitatea la urm\u0103toarele baze sportive:<\/p>\n<ul>\n<li>Baza Sportiv\u0103 Sud Arena (l\u00e2ng\u0103 RIN Grand Hotel)<\/li>\n<li>Baza D\u2019Angelo \u2013 \u0218oseaua Olteni\u021bei 11<\/li>\n<li>Baza Inter Gaz<\/li>\n<li>Baza Vi\u0219agului<\/li>\n<\/ul>\n<p>Aceste loca\u021bii includ terenuri moderne, baloane \u00eenc\u0103lzite \u0219i toate condi\u021biile necesare pentru desf\u0103\u0219urarea optim\u0103 a antrenamentelor. Clubul se adreseaz\u0103 copiilor cu v\u00e2rste cuprinse \u00eentre 4 \u0219i 14 ani.<\/p>\n<p>Principalul obiectiv al clubului este promovarea sportului, formarea de noi talente, educarea copiilor prin sport \u0219i integrarea acestora \u00een societate.<\/p><\/div><\/div><div class=\"rs-btn btn-left  vc_custom_1613373589488\">\r\n\t<a data-onhovercolor=\"#111111\" data-bordercolor=\"\" data-onhoverbg=\"#ffffff\" data-onleavebg=\"\" data-onleavecolor=\"#111111\" class=\"readon rs_button \" href=\"https:\/\/www.intergalaxy.ro\/index.php\/about\/\" style =\"color:#111111;\">cite\u0219te mai mult<\/a>\r\n<\/div>\r\n\r\n[\/vc_column_inner][vc_column_inner width=&#8221;7\/12&#8243; css=&#8221;.vc_custom_1557734622756{padding-left: 40px !important;}&#8221;][vc_single_image image=&#8221;2114&#8243; img_size=&#8221;full&#8221; css_animation=&#8221;none&#8221;][\/vc_column_inner][\/vc_row_inner][\/vc_column][\/vc_row][vc_row full_width=&#8221;stretch_row&#8221; css=&#8221;.vc_custom_1557730381382{padding-top: 56px !important;padding-bottom: 100px !important;}&#8221; el_class=&#8221;fixture-views&#8221;][vc_column][\/vc_column][\/vc_row][vc_row full_width=&#8221;stretch_row&#8221; css=&#8221;.vc_custom_1557733631004{padding-top: 45px !important;padding-bottom: 92px !important;background-image: url(https:\/\/rstheme.com\/products\/wordpress\/khelo\/wp-content\/uploads\/2019\/05\/bg1.jpg?id=811) !important;background-position: center !important;background-repeat: no-repeat !important;background-size: cover !important;}&#8221;][vc_column width=&#8221;1\/4&#8243;]\n    <div class=\"counter-top-area  style1 left \"   >\n\n    <div class=\"rs-counter-list\">\n        \n    <div class=\"count-text\"><div style=\"margin-top:15px; margin-bottom:10px; color:#fbc02d\" class=\"count-number\">\n    <span style=\"font-size:60px; line-height:60px; color:#fbc02d\" class=\"rs-counter\"> 10<\/span> <span style=\"color:#fbc02d\"><span style=\"font-size:60px; line-height:60px\">+<\/span><\/span><\/div>         \n        <h3  style=\"color: #ffffff\"><span  style=\"font-size: 22px; line-height: 22px!important\">experien\u021b\u0103<\/span><\/h3><\/div>\n    <\/div><\/div>[\/vc_column][vc_column width=&#8221;1\/4&#8243;]\n    <div class=\"counter-top-area  style1 left \"   >\n\n    <div class=\"rs-counter-list\">\n        \n    <div class=\"count-text\"><div style=\"margin-top:15px; margin-bottom:10px; color:#fbc02d\" class=\"count-number\">\n    <span style=\"font-size:60px; line-height:60px; color:#fbc02d\" class=\"rs-counter\"> 5<\/span> <span style=\"color:#fbc02d\"><span style=\"font-size:60px; line-height:60px\">+<\/span><\/span><\/div>         \n        <h3  style=\"color: #ffffff\"><span  style=\"font-size: 22px; line-height: 22px!important\">antrenori licen\u021bia\u021bi<\/span><\/h3><\/div>\n    <\/div><\/div>[\/vc_column][vc_column width=&#8221;1\/4&#8243;]\n    <div class=\"counter-top-area  style1 left \"   >\n\n    <div class=\"rs-counter-list\">\n        \n    <div class=\"count-text\"><div style=\"margin-top:15px; margin-bottom:10px; color:#fbc02d\" class=\"count-number\">\n    <span style=\"font-size:60px; line-height:60px; color:#fbc02d\" class=\"rs-counter\"> 135<\/span> <span style=\"color:#fbc02d\"><span style=\"font-size:60px; line-height:60px\">+<\/span><\/span><\/div>         \n        <h3  style=\"color: #ffffff\"><span  style=\"font-size: 22px; line-height: 22px!important\">Copii antrena\u021bi<\/span><\/h3><\/div>\n    <\/div><\/div>[\/vc_column][vc_column width=&#8221;1\/4&#8243;]\n    <div class=\"counter-top-area  style1 left \"   >\n\n    <div class=\"rs-counter-list\">\n        \n    <div class=\"count-text\"><div style=\"margin-top:15px; margin-bottom:10px; color:#fbc02d\" class=\"count-number\">\n    <span style=\"font-size:60px; line-height:60px; color:#fbc02d\" class=\"rs-counter\"> 60<\/span> <span style=\"color:#fbc02d\"><span style=\"font-size:60px; line-height:60px\">+<\/span><\/span><\/div>         \n        <h3  style=\"color: #ffffff\"><span  style=\"font-size: 22px; line-height: 22px!important\">premii ob\u021binute<\/span><\/h3><\/div>\n    <\/div><\/div>[\/vc_column][\/vc_row][vc_row css=&#8221;.vc_custom_1558767345303{padding-top: 60px !important;padding-bottom: 192px !important;}&#8221;][vc_column]\n<div class=\"rs-products-slider \">\n    <div class=\"team-carousel owl-carousel owl-navigation-yes\" data-carousel-options=\"{&quot;nav&quot;:true,&quot;navText&quot;:[&quot;&lt;i class=&#039;fa fa-angle-left&#039;&gt;&lt;\\\/i&gt;&quot;,&quot;&lt;i class=&#039;fa fa-angle-right&#039;&gt;&lt;\\\/i&gt;&quot;],&quot;dots&quot;:false,&quot;autoplay&quot;:true,&quot;autoplayTimeout&quot;:&quot;5000&quot;,&quot;autoplaySpeed&quot;:&quot;200&quot;,&quot;autoplayHoverPause&quot;:true,&quot;loop&quot;:true,&quot;margin&quot;:30,&quot;responsive&quot;:{&quot;0&quot;:{&quot;items&quot;:&quot;1&quot;},&quot;480&quot;:{&quot;items&quot;:&quot;2&quot;},&quot;768&quot;:{&quot;items&quot;:&quot;3&quot;},&quot;992&quot;:{&quot;items&quot;:&quot;3&quot;},&quot;1200&quot;:{&quot;items&quot;:&quot;4&quot;}}}\">\n\n        \n            <div class=\"product-item\">\n                <div class=\"product-img\">\n                    <a href=\"https:\/\/www.intergalaxy.ro\/index.php\/product\/t-shirt-creem-pink\/\">\n                        <img loading=\"lazy\" decoding=\"async\" width=\"600\" height=\"349\" src=\"https:\/\/www.intergalaxy.ro\/wp-content\/uploads\/2019\/11\/42058625_1574341129332601_8263693652199473152_n-600x349.jpg\" class=\"attachment-shop_single size-shop_single wp-post-image\" alt=\"\" srcset=\"https:\/\/www.intergalaxy.ro\/wp-content\/uploads\/2019\/11\/42058625_1574341129332601_8263693652199473152_n-600x349.jpg 600w, https:\/\/www.intergalaxy.ro\/wp-content\/uploads\/2019\/11\/42058625_1574341129332601_8263693652199473152_n-300x175.jpg 300w, https:\/\/www.intergalaxy.ro\/wp-content\/uploads\/2019\/11\/42058625_1574341129332601_8263693652199473152_n-768x447.jpg 768w, https:\/\/www.intergalaxy.ro\/wp-content\/uploads\/2019\/11\/42058625_1574341129332601_8263693652199473152_n.jpg 960w\" sizes=\"auto, (max-width: 600px) 100vw, 600px\" \/>                    <\/a>\n                <\/div>\n                <h4 class=\"product-title\"><a href=\"https:\/\/www.intergalaxy.ro\/index.php\/product\/t-shirt-creem-pink\/\">Servicii Imprimare Echipamente<\/a><\/h4>\n                <span class=\"product-price\"><\/span>\n                <div class=\"product-btn\">\n                    <a href=\"https:\/\/www.intergalaxy.ro\/index.php\/product\/t-shirt-creem-pink\/\" aria-describedby=\"woocommerce_loop_add_to_cart_link_describedby_1703\" data-quantity=\"1\" class=\"button product_type_grouped\" data-product_id=\"1703\" data-product_sku=\"002\" aria-label=\"View products in the &ldquo;Servicii Imprimare Echipamente&rdquo; group\" rel=\"nofollow\">View products<\/a>\t<span id=\"woocommerce_loop_add_to_cart_link_describedby_1703\" class=\"screen-reader-text\">\n\t\t\t<\/span>\n                <\/div>\n            <\/div>\n\n        \n            <div class=\"product-item\">\n                <div class=\"product-img\">\n                    <a href=\"https:\/\/www.intergalaxy.ro\/index.php\/product\/t-shirt-drak-blue\/\">\n                        <img decoding=\"async\" src=\"https:\/\/www.intergalaxy.ro\/wp-content\/uploads\/woocommerce-placeholder-300x300.png\" alt=\"Placeholder\" \/>                    <\/a>\n                <\/div>\n                <h4 class=\"product-title\"><a href=\"https:\/\/www.intergalaxy.ro\/index.php\/product\/t-shirt-drak-blue\/\">Trening Prezentare\/Antrenament JAKO<\/a><\/h4>\n                <span class=\"product-price\"><\/span>\n                <div class=\"product-btn\">\n                    <a href=\"https:\/\/www.intergalaxy.ro\/index.php\/product\/t-shirt-drak-blue\/\" aria-describedby=\"woocommerce_loop_add_to_cart_link_describedby_1701\" data-quantity=\"1\" class=\"button product_type_grouped\" data-product_id=\"1701\" data-product_sku=\"003\" aria-label=\"View products in the &ldquo;Trening Prezentare\/Antrenament JAKO&rdquo; group\" rel=\"nofollow\">View products<\/a>\t<span id=\"woocommerce_loop_add_to_cart_link_describedby_1701\" class=\"screen-reader-text\">\n\t\t\t<\/span>\n                <\/div>\n            <\/div>\n\n        \n            <div class=\"product-item\">\n                <div class=\"product-img\">\n                    <a href=\"https:\/\/www.intergalaxy.ro\/index.php\/product\/t-shirt-lol-red\/\">\n                        <img decoding=\"async\" src=\"https:\/\/www.intergalaxy.ro\/wp-content\/uploads\/woocommerce-placeholder-300x300.png\" alt=\"Placeholder\" \/>                    <\/a>\n                <\/div>\n                <h4 class=\"product-title\"><a href=\"https:\/\/www.intergalaxy.ro\/index.php\/product\/t-shirt-lol-red\/\">Kit Joc JAKO<\/a><\/h4>\n                <span class=\"product-price\"><\/span>\n                <div class=\"product-btn\">\n                    <a href=\"https:\/\/www.intergalaxy.ro\/index.php\/product\/t-shirt-lol-red\/\" aria-describedby=\"woocommerce_loop_add_to_cart_link_describedby_1697\" data-quantity=\"1\" class=\"button product_type_grouped\" data-product_id=\"1697\" data-product_sku=\"005\" aria-label=\"View products in the &ldquo;Kit Joc JAKO&rdquo; group\" rel=\"nofollow\">View products<\/a>\t<span id=\"woocommerce_loop_add_to_cart_link_describedby_1697\" class=\"screen-reader-text\">\n\t\t\t<\/span>\n                <\/div>\n            <\/div>\n\n        \n            <div class=\"product-item\">\n                <div class=\"product-img\">\n                    <a href=\"https:\/\/www.intergalaxy.ro\/index.php\/product\/t-shirt-dark-green\/\">\n                        <img decoding=\"async\" src=\"https:\/\/www.intergalaxy.ro\/wp-content\/uploads\/woocommerce-placeholder-300x300.png\" alt=\"Placeholder\" \/>                    <\/a>\n                <\/div>\n                <h4 class=\"product-title\"><a href=\"https:\/\/www.intergalaxy.ro\/index.php\/product\/t-shirt-dark-green\/\">Produse Jako<\/a><\/h4>\n                <span class=\"product-price\"><\/span>\n                <div class=\"product-btn\">\n                    <a href=\"https:\/\/www.intergalaxy.ro\/index.php\/product\/t-shirt-dark-green\/\" aria-describedby=\"woocommerce_loop_add_to_cart_link_describedby_1693\" data-quantity=\"1\" class=\"button product_type_grouped\" data-product_id=\"1693\" data-product_sku=\"007\" aria-label=\"View products in the &ldquo;Produse Jako&rdquo; group\" rel=\"nofollow\">View products<\/a>\t<span id=\"woocommerce_loop_add_to_cart_link_describedby_1693\" class=\"screen-reader-text\">\n\t\t\t<\/span>\n                <\/div>\n            <\/div>\n\n            <\/div>    \n<\/div>\n[\/vc_column][\/vc_row]<\/p>\n","protected":false},"excerpt":{"rendered":"<p>[vc_row equal_height=&#8221;yes&#8221; css=&#8221;.vc_custom_1558938093672{margin-top: 100px !important;margin-bottom: 30px !important;padding-top: 0px !important;padding-right: 0px !important;padding-bottom: 0px !important;padding-left: 0px !important;}&#8221;][vc_column css_animation=&#8221;fadeIn&#8221; width=&#8221;1\/3&#8243; css=&#8221;.vc_custom_1763041496152{margin-left: 15px !important;padding-top: 30px !important;padding-bottom: 30px !important;background-color: rgba(0,0,0,0.01) !important;background-position: center !important;background-repeat: no-repeat !important;background-size: cover !important;*background-color: rgb(0,0,0) !important;border-radius: 3px !important;}&#8221; el_class=&#8221;main-countdown ipad-col-full&#8221;][vc_gallery interval=&#8221;3&#8243; images=&#8221;2520&#8243; img_size=&#8221;full&#8221; css_animation=&#8221;fadeInLeft&#8221; css=&#8221;.vc_custom_1763041518028{border-radius: 10px !important;}&#8221;][\/vc_column][vc_column width=&#8221;2\/3&#8243; css=&#8221;.vc_custom_1558943198560{margin-right: 15px !important;padding-top: 0px !important;padding-right: 0px !important;padding-left: 30px !important;border-radius:&#8230;<\/p>\n","protected":false},"author":1,"featured_media":0,"parent":0,"menu_order":0,"comment_status":"closed","ping_status":"closed","template":"","meta":{"editor_plus_copied_stylings":"{}","kk_blocks_editor_width":"","_kiokenblocks_attr":"","_kiokenblocks_dimensions":"","footnotes":""},"class_list":["post-628","page","type-page","status-publish","hentry"],"_links":{"self":[{"href":"https:\/\/www.intergalaxy.ro\/index.php\/wp-json\/wp\/v2\/pages\/628","targetHints":{"allow":["GET"]}}],"collection":[{"href":"https:\/\/www.intergalaxy.ro\/index.php\/wp-json\/wp\/v2\/pages"}],"about":[{"href":"https:\/\/www.intergalaxy.ro\/index.php\/wp-json\/wp\/v2\/types\/page"}],"author":[{"embeddable":true,"href":"https:\/\/www.intergalaxy.ro\/index.php\/wp-json\/wp\/v2\/users\/1"}],"replies":[{"embeddable":true,"href":"https:\/\/www.intergalaxy.ro\/index.php\/wp-json\/wp\/v2\/comments?post=628"}],"version-history":[{"count":88,"href":"https:\/\/www.intergalaxy.ro\/index.php\/wp-json\/wp\/v2\/pages\/628\/revisions"}],"predecessor-version":[{"id":2530,"href":"https:\/\/www.intergalaxy.ro\/index.php\/wp-json\/wp\/v2\/pages\/628\/revisions\/2530"}],"wp:attachment":[{"href":"https:\/\/www.intergalaxy.ro\/index.php\/wp-json\/wp\/v2\/media?parent=628"}],"curies":[{"name":"wp","href":"https:\/\/api.w.org\/{rel}","templated":true}]}}